{"id":2178,"date":"2020-02-27T10:20:02","date_gmt":"2020-02-27T10:20:02","guid":{"rendered":"https:\/\/consulhub.it\/?page_id=2178"},"modified":"2020-02-27T10:42:08","modified_gmt":"2020-02-27T10:42:08","slug":"privacy-policy","status":"publish","type":"page","link":"https:\/\/consulhub.it\/it\/privacy-policy\/","title":{"rendered":"Privacy Policy"},"content":{"rendered":"<!----><p><\/p>\r\n    <!----><br>    <!----><p><\/p>\r\n      <!----><p><\/p>\r\n        <!----><p><\/p>\r\n          <!----><p><\/p>\r\n              <!----><br>              <!----><p><\/p>\r\n                <!----><p><\/p>\r\n                  <!----><br>                  <!----><p><\/p>\r\n<h1>Norme sulla privacy<\/h1>\r\n                  <!----><br>                  <!----><p><\/p>\r\n<p><strong>Consulhub agisce in conformit\u00e0 con le leggi attuali sulla protezione e sulla sicurezza dei dati personali in vigore.<\/strong><\/p>\r\n<p>\r\n                      <br>                    <\/p>\r\n<h3><strong>DATI PERSONALI<\/strong><\/h3>\r\n<p>Tramite il proprio sito web, Consulhub non raccoglie alcun Vostro dato personale (es. nome, indirizzo, telefono, indirizzo e-mail), a meno che Voi non acconsentiate a fornirlo volontariamente (per es. mediante una registrazione al<br>                      sito). Ogni consenso puo\u0300 essere revocato in qualsiasi momento. Avrete la facolta\u0300 di esercitare i diritti previsti dall\u2019art. 7 del Lgs 196\/03 e successivi aggiornamenti, in particolare modo avrete diritto di recedere dalla registrazione<br>                      in qualsiasi momento e senza alcuna penale.<\/p>\r\n<p>\r\n                      <br>                    <\/p>\r\n<h3><b>SCOPO DEL TRATTAMENTO<\/b><\/h3>\r\n<p>A seguito di quanto prescritto dalla legge 30 giugno 2003 n. 196 \u201cCodice in materia di protezione dei dati personali\u201d, Vi segnaliamo le finalit\u00e0 e modalit\u00e0 di trattamento cui sono destinati i dati personali da Voi eventualmente forniti.Ai<br>                      sensi dell\u2019art. 13 della legge citata, tali dati saranno oggetto da parte nostra di trattamenti informatici o manuali come definito dall\u2019art. 4, comma 1, lettera a) della legge, per finalit\u00e0 di:<\/p>\r\n<p>adempimenti di legge connessi a norme civilistiche, fiscali, contabili, ecc., gestione amministrativa del rapporto, adempimento di eventuali obblighi contrattuali, supporto ed informazione tecnica in merito ai prodotti ed ai servizi<br>                      oggetto del rapporto<\/p>\r\n<p>assistenza post-vendita, verifica soddisfazione degli utenti, analisi di mercato e statistiche<\/p>\r\n<p>informazione su future attivita\u0300 commerciali ed annunci di nuovi prodotti, servizi ed offerte<\/p>\r\n<p>iniziative promozionali e pubblicitarie destinate al mercato<\/p>\r\n<p>eventuali analisi e valutazioni economico-finanziarie<\/p>\r\n<p>Core Consulting Group non raccogliera\u0300 in nessun caso i dati \u201csensibili\u201d di cui all\u2019art. 26 della Legge 196\/03.<\/p>\r\n<p>\r\n                      <br>                    <\/p>\r\n<h3><b>DATI RELATIVI ALL\u2019UTILIZZO O ALLA COMUNICAZIONE<\/b><\/h3>\r\n<p>Nell\u2019utilizzare i servizi di telecomunicazione che consentono di accedere al nostro sito Web, i dati relativi al tipo di comunicazione (es. indirizzi IP) o all\u2019utilizzo (es. le informazioni sull\u2019inizio, il termine e la durata di ogni<br>                      accesso, e quelle relative ai servizi di telecomunicazione ai quali ci si \u00e8 collegati) generati tecnicamente potrebbero essere ragionevolmente correlati a dati personali. La raccolta e l\u2019elaborazione di tali dati avverr\u00e0 solo in<br>                      caso di necessit\u00e0 e sar\u00e0 comunque eseguita in ottemperanza ai disposti della Legge 196\/03 e successivi aggiornamenti.<\/p>\r\n<h3><b>RACCOLTA AUTOMATICA DEI DATI NON PERSONALI<\/b><\/h3>\r\n<p>Quando accedete al sito web di Consulhub, in modo automatico (anche senza registrazione) vengono raccolti dal nostro sistema alcune informazioni che, peraltro, non portano ad un\u2019identificazione personale (es. tipo di browser internet<br>                      e di sistema operativo usato, dominio del sito web dal quale siete arrivati, numero di visite al sito, media di tempo trascorsa, pagine visitate).<\/p>\r\n<p>Consulhub potrebbe utilizzare queste informazioni al fine di verificare l\u2019utilizzo del sito web e migliorarne le performances ed i contenuti.<\/p>\r\n<h3><b>COOKIES \u2013 INFORMAZIONI MEMORIZZATE AUTOMATICAMENTE SUL VOSTRO PC<\/b><\/h3>\r\n<p>Quando visitate il nostro sito web potremmo immagazzinare alcuni dati sul vostro computer sotto forma di \u201ccookie\u201d per riconoscere automaticamente il vostro PC alla prossima visita. I cookie possono esserci di aiuto in diversi modi,<br>                      per esempio consentendoci di modificare il sito Web affinch\u00e9 risponda ai vostri interessi o di salvare la vostra password per risparmiarvi di dovere ripetere la procedura ad ogni accesso. Se non desiderate ricevere cookie, non dovete<br>                      fare altro che configurare il vostro browser Internet affinch\u00e9 cancelli tutte i cookie dall\u2019hard disk del computer, li blocchi o generi un avviso tutte le volte che ne viene salvato uno.<\/p>\r\n<p>MINORI<\/p>\r\n<p>Nessun dato personale dovrebbe essere inserito sul sito da minori senza il preventivo consenso dei genitori o dei tutori. Consulhub incoraggia tutti i genitori e i tutori ad istruire i minori sull\u2019uso in Internet dei propri dati<br>                      personali in modalit\u00e0 sicura e responsabile. Consulhub comunque si impegna a non conservare od usare consapevolmente nessun dato personale raccolto da minori per nessun fine, inclusa la divulgazione a terze parti.<\/p>\r\n<p>SICUREZZA<\/p>\r\n<p>Per proteggere i vostri dati personali contro la distruzione, la perdita o l\u2019alterazione accidentale o impropria, e contro l\u2019accesso o la divulgazione non autorizzati, Consulhub ha previsto misure di sicurezza di natura tecnica<br>                      e organizzativa.<\/p>\r\n<h3><b>LINK AD ALTRI SITI WEB<\/b><\/h3>\r\n<p>Sulle pagine web di Consulhub si possono trovare collegamenti ipertestuali (Hyperlink) con altri siti web, proposti per fornire un migliore servizio ai propri utenti. Consuhub non \u00e8 in alcun modo responsabile del contenuto<br>                      dei siti web ai quali gli utenti dovessero eventualmente accedere tramite il proprio sito. L\u2019esistenza di un Hyperlink verso un altro sito non sottintende quindi approvazione od accettazione di responsabilit\u00e0 da parte di Consulhub<br>                      circa il contenuto del nuovo sito cui si accede, anche in relazione alla politica adottata per il trattamento dei dati personali, nonch\u00e9 alla sua utilizzazione.<\/p>\r\n<h3><b>DOMANDE E COMMENTI<\/b><\/h3>\r\n<p>Consulhub si impegna a rispondere a qualunque ragionevole richiesta relativa alla revisione dei dati personali e a correggere, emendare o cancellare eventuali inesattezze. Qualora abbiate delle domande o dei commenti da sottoporre<br>                      in merito alla Consulhub Data Privacy Protection Policy \u2013 Norme di Protezione dei Dati Personali di Consulhub es. per rivedere e aggiornare i vostri dati personali), cliccate il link qui sotto.<\/p>\r\n<p><a href=\"https:\/\/www.consulhub\/contatti\">CONTATTACI<\/a><\/p>\r\n<p>\r\n                      <br>                    <\/p>\r\n<p><\/p>\r\n<p>Consulhub si<em> impegna a inserire in questa pagina, nel minor tempo possibile, ogni cambiamento a Consulhub Data Privacy Protection Policy \u2013 Norme di Protezione dei Dati Personali di Consulhub, quando essa venisse modificata.<\/em><\/p>\r\n<p>\r\n                      <br>                    <\/p><!-- Created with Elementor -->","protected":false},"excerpt":{"rendered":"<p>Norme sulla privacy Consulhub agisce in conformit\u00e0 con le leggi attuali sulla protezione e sulla sicurezza dei dati personali in vigore. DATI PERSONALI Tramite il proprio sito web, Consulhub non raccoglie alcun Vostro dato personale (es. nome, indirizzo, telefono, indirizzo e-mail), a meno che Voi non acconsentiate a fornirlo volontariamente (per es. mediante una registrazione [&hellip;]<\/p>\n","protected":false},"author":4,"featured_media":0,"parent":0,"menu_order":0,"comment_status":"closed","ping_status":"closed","template":"page-templates\/full-width-page.php","meta":{"footnotes":""},"class_list":["post-2178","page","type-page","status-publish","hentry"],"yoast_head":"<!-- This site is optimized with the Yoast SEO plugin v27.3 - https:\/\/yoast.com\/product\/yoast-seo-wordpress\/ -->\n<title>Privacy Policy - Consul Hub<\/title>\n<meta name=\"robots\" content=\"noindex, nofollow\" \/>\n<meta property=\"og:locale\" content=\"it_IT\" \/>\n<meta property=\"og:type\" content=\"article\" \/>\n<meta property=\"og:title\" content=\"Privacy Policy - Consul Hub\" \/>\n<meta property=\"og:description\" content=\"Norme sulla privacy Consulhub agisce in conformit\u00e0 con le leggi attuali sulla protezione e sulla sicurezza dei dati personali in vigore. DATI PERSONALI Tramite il proprio sito web, Consulhub non raccoglie alcun Vostro dato personale (es. nome, indirizzo, telefono, indirizzo e-mail), a meno che Voi non acconsentiate a fornirlo volontariamente (per es. mediante una registrazione [&hellip;]\" \/>\n<meta property=\"og:url\" content=\"https:\/\/consulhub.it\/it\/privacy-policy\/\" \/>\n<meta property=\"og:site_name\" content=\"Consul Hub\" \/>\n<meta property=\"article:modified_time\" content=\"2020-02-27T10:42:08+00:00\" \/>\n<meta name=\"twitter:card\" content=\"summary_large_image\" \/>\n<meta name=\"twitter:label1\" content=\"Tempo di lettura stimato\" \/>\n\t<meta name=\"twitter:data1\" content=\"4 minuti\" \/>\n<script type=\"application\/ld+json\" class=\"yoast-schema-graph\">{\"@context\":\"https:\\\/\\\/schema.org\",\"@graph\":[{\"@type\":\"WebPage\",\"@id\":\"https:\\\/\\\/consulhub.it\\\/en\\\/privacy-policy\\\/\",\"url\":\"https:\\\/\\\/consulhub.it\\\/en\\\/privacy-policy\\\/\",\"name\":\"Privacy Policy - Consul Hub\",\"isPartOf\":{\"@id\":\"https:\\\/\\\/consulhub.it\\\/it\\\/#website\"},\"datePublished\":\"2020-02-27T10:20:02+00:00\",\"dateModified\":\"2020-02-27T10:42:08+00:00\",\"breadcrumb\":{\"@id\":\"https:\\\/\\\/consulhub.it\\\/en\\\/privacy-policy\\\/#breadcrumb\"},\"inLanguage\":\"it-IT\",\"potentialAction\":[{\"@type\":\"ReadAction\",\"target\":[\"https:\\\/\\\/consulhub.it\\\/en\\\/privacy-policy\\\/\"]}]},{\"@type\":\"BreadcrumbList\",\"@id\":\"https:\\\/\\\/consulhub.it\\\/en\\\/privacy-policy\\\/#breadcrumb\",\"itemListElement\":[{\"@type\":\"ListItem\",\"position\":1,\"name\":\"Home\",\"item\":\"https:\\\/\\\/consulhub.it\\\/\"},{\"@type\":\"ListItem\",\"position\":2,\"name\":\"Privacy Policy\"}]},{\"@type\":\"WebSite\",\"@id\":\"https:\\\/\\\/consulhub.it\\\/it\\\/#website\",\"url\":\"https:\\\/\\\/consulhub.it\\\/it\\\/\",\"name\":\"Consul Hub\",\"description\":\"Network\",\"publisher\":{\"@id\":\"https:\\\/\\\/consulhub.it\\\/it\\\/#organization\"},\"potentialAction\":[{\"@type\":\"SearchAction\",\"target\":{\"@type\":\"EntryPoint\",\"urlTemplate\":\"https:\\\/\\\/consulhub.it\\\/it\\\/?s={search_term_string}\"},\"query-input\":{\"@type\":\"PropertyValueSpecification\",\"valueRequired\":true,\"valueName\":\"search_term_string\"}}],\"inLanguage\":\"it-IT\"},{\"@type\":\"Organization\",\"@id\":\"https:\\\/\\\/consulhub.it\\\/it\\\/#organization\",\"name\":\"Consulhub Srl\",\"url\":\"https:\\\/\\\/consulhub.it\\\/it\\\/\",\"logo\":{\"@type\":\"ImageObject\",\"inLanguage\":\"it-IT\",\"@id\":\"https:\\\/\\\/consulhub.it\\\/it\\\/#\\\/schema\\\/logo\\\/image\\\/\",\"url\":\"https:\\\/\\\/consulhub.it\\\/wp-content\\\/uploads\\\/2014\\\/11\\\/consulHub-Logo4.png\",\"contentUrl\":\"https:\\\/\\\/consulhub.it\\\/wp-content\\\/uploads\\\/2014\\\/11\\\/consulHub-Logo4.png\",\"width\":502,\"height\":200,\"caption\":\"Consulhub Srl\"},\"image\":{\"@id\":\"https:\\\/\\\/consulhub.it\\\/it\\\/#\\\/schema\\\/logo\\\/image\\\/\"},\"sameAs\":[\"https:\\\/\\\/www.linkedin.com\\\/company\\\/consulhub-srl\"]}]}<\/script>\n<!-- \/ Yoast SEO plugin. -->","yoast_head_json":{"title":"Privacy Policy - Consul Hub","robots":{"index":"noindex","follow":"nofollow"},"og_locale":"it_IT","og_type":"article","og_title":"Privacy Policy - Consul Hub","og_description":"Norme sulla privacy Consulhub agisce in conformit\u00e0 con le leggi attuali sulla protezione e sulla sicurezza dei dati personali in vigore. DATI PERSONALI Tramite il proprio sito web, Consulhub non raccoglie alcun Vostro dato personale (es. nome, indirizzo, telefono, indirizzo e-mail), a meno che Voi non acconsentiate a fornirlo volontariamente (per es. mediante una registrazione [&hellip;]","og_url":"https:\/\/consulhub.it\/it\/privacy-policy\/","og_site_name":"Consul Hub","article_modified_time":"2020-02-27T10:42:08+00:00","twitter_card":"summary_large_image","twitter_misc":{"Tempo di lettura stimato":"4 minuti"},"schema":{"@context":"https:\/\/schema.org","@graph":[{"@type":"WebPage","@id":"https:\/\/consulhub.it\/en\/privacy-policy\/","url":"https:\/\/consulhub.it\/en\/privacy-policy\/","name":"Privacy Policy - Consul Hub","isPartOf":{"@id":"https:\/\/consulhub.it\/it\/#website"},"datePublished":"2020-02-27T10:20:02+00:00","dateModified":"2020-02-27T10:42:08+00:00","breadcrumb":{"@id":"https:\/\/consulhub.it\/en\/privacy-policy\/#breadcrumb"},"inLanguage":"it-IT","potentialAction":[{"@type":"ReadAction","target":["https:\/\/consulhub.it\/en\/privacy-policy\/"]}]},{"@type":"BreadcrumbList","@id":"https:\/\/consulhub.it\/en\/privacy-policy\/#breadcrumb","itemListElement":[{"@type":"ListItem","position":1,"name":"Home","item":"https:\/\/consulhub.it\/"},{"@type":"ListItem","position":2,"name":"Privacy Policy"}]},{"@type":"WebSite","@id":"https:\/\/consulhub.it\/it\/#website","url":"https:\/\/consulhub.it\/it\/","name":"Consul Hub","description":"Network","publisher":{"@id":"https:\/\/consulhub.it\/it\/#organization"},"potentialAction":[{"@type":"SearchAction","target":{"@type":"EntryPoint","urlTemplate":"https:\/\/consulhub.it\/it\/?s={search_term_string}"},"query-input":{"@type":"PropertyValueSpecification","valueRequired":true,"valueName":"search_term_string"}}],"inLanguage":"it-IT"},{"@type":"Organization","@id":"https:\/\/consulhub.it\/it\/#organization","name":"Consulhub Srl","url":"https:\/\/consulhub.it\/it\/","logo":{"@type":"ImageObject","inLanguage":"it-IT","@id":"https:\/\/consulhub.it\/it\/#\/schema\/logo\/image\/","url":"https:\/\/consulhub.it\/wp-content\/uploads\/2014\/11\/consulHub-Logo4.png","contentUrl":"https:\/\/consulhub.it\/wp-content\/uploads\/2014\/11\/consulHub-Logo4.png","width":502,"height":200,"caption":"Consulhub Srl"},"image":{"@id":"https:\/\/consulhub.it\/it\/#\/schema\/logo\/image\/"},"sameAs":["https:\/\/www.linkedin.com\/company\/consulhub-srl"]}]}},"_links":{"self":[{"href":"https:\/\/consulhub.it\/it\/wp-json\/wp\/v2\/pages\/2178","targetHints":{"allow":["GET"]}}],"collection":[{"href":"https:\/\/consulhub.it\/it\/wp-json\/wp\/v2\/pages"}],"about":[{"href":"https:\/\/consulhub.it\/it\/wp-json\/wp\/v2\/types\/page"}],"author":[{"embeddable":true,"href":"https:\/\/consulhub.it\/it\/wp-json\/wp\/v2\/users\/4"}],"replies":[{"embeddable":true,"href":"https:\/\/consulhub.it\/it\/wp-json\/wp\/v2\/comments?post=2178"}],"version-history":[{"count":6,"href":"https:\/\/consulhub.it\/it\/wp-json\/wp\/v2\/pages\/2178\/revisions"}],"predecessor-version":[{"id":2205,"href":"https:\/\/consulhub.it\/it\/wp-json\/wp\/v2\/pages\/2178\/revisions\/2205"}],"wp:attachment":[{"href":"https:\/\/consulhub.it\/it\/wp-json\/wp\/v2\/media?parent=2178"}],"curies":[{"name":"wp","href":"https:\/\/api.w.org\/{rel}","templated":true}]}}